{"id":20,"date":"2019-04-10T14:17:03","date_gmt":"2019-04-10T14:17:03","guid":{"rendered":"http:\/\/curaswing.de\/?page_id=20"},"modified":"2024-03-08T12:46:57","modified_gmt":"2024-03-08T12:46:57","slug":"impressum","status":"publish","type":"page","link":"https:\/\/curaswing.de\/en\/impressum","title":{"rendered":"imprint"},"content":{"rendered":"<p><strong>CuraSwing GmbH<\/strong><br>Paracelsusring 6a<br>14547 Beelitz-Heilst\u00e4tten<br>phone: +49 33204 225 00<br>fax: +49 33201 225 02<\/p>\n\n\n\n<p>email: info@curaswing.de<br>www: <a href=\"https:\/\/curaswing.de\/en\/\">www.curaswing.de<\/a><\/p>\n\n\n\n<p><strong>authorized representatives:<\/strong><br>Gesch\u00e4ftsf\u00fchrung: Enrico Ukrow &amp; Georg Abel<\/p>\n\n\n\n<p><strong>journalistic-editorial offers<\/strong><br>responsible for the entire content:<br>Enrico Ukrow &amp; Georg Abel, CuraSwing GmbH, 14547 Beelitz-Heilst\u00e4tten<\/p>\n\n\n\n<p><strong>company details<\/strong><br>value added tax identification number (VAT ID): DE 31 34 34 821<br>Register und Registernummer Handelsregister gef\u00fchrt bei Amtsgericht Potsdam   <br>nummer: HRB Potsdam 31544 <\/p>\n\n\n\n<p><strong>online dispute resolution (OS)<\/strong><br>As an online company, we are obliged to inform you as a consumer of the European Commission's online dispute resolution platform (ODR platform). This ODR platform can be accessed via the following link: https:\/\/webgate.ec.europa.eu\/odr. We do not participate in dispute resolution proceedings before a consumer arbitration board.<\/p>\n\n\n\n<p><strong>liability for content and links<\/strong><br>The content on our website has been created with the utmost care. However, we cannot accept any liability for the accuracy, completeness and topicality of the content. The contents of external websites to which we refer directly or indirectly are outside our area of responsibility and we do not adopt them as our own. The provider of the linked websites is solely liable for all content and in particular for damages arising from the use of the information available on the linked websites.<\/p>\n\n\n\n<p><strong>copyright and trademark law<\/strong><br>All content presented on this website, such as texts, photographs, graphics, brands and trademarks are protected by the respective intellectual property rights. The use, reproduction, etc. are subject to our rights or the rights of the respective authors or rights administrators.<\/p>\n\n\n\n<p><strong>indications of legal violations<\/strong><br>If you notice any legal violations on our website, please let us know. We will remove illegal content and links as soon as we become aware of them. <\/p>\n\n\n\n<p><\/p>","protected":false},"excerpt":{"rendered":"<p>CuraSwing GmbHParacelsusring 6a14547 Beelitz-Heilst\u00e4ttenTelefon: +49 33204 225 00Telefax: +49 33201 225 02 Email: info@curaswing.deInternet: www.curaswing.de Vertretungsberechtigte:Gesch\u00e4ftsf\u00fchrung: Enrico Ukrow &amp; Georg Abel Journalistisch-redaktionelle AngeboteVerantwortlich f\u00fcr gesamten Inhalt:Enrico Ukrow &amp; Georg Abel, CuraSwing GmbH, 14547 Beelitz-Heilst\u00e4tten Angaben zum UnternehmenUmsatzsteuer-Identifikationsnummer (USt-ID): DE 31 34 34 821Register und Registernummer Handelsregister gef\u00fchrt bei Amtsgericht Potsdam Nummer: HRB Potsdam 31544 Online &hellip; <\/p>\n<p class=\"link-more\"><a href=\"https:\/\/curaswing.de\/en\/impressum\" class=\"more-link\">Continue reading<span class=\"screen-reader-text\"> &#8222;Impressum&#8220;<\/span><\/a><\/p>","protected":false},"author":1,"featured_media":0,"parent":0,"menu_order":0,"comment_status":"closed","ping_status":"closed","template":"","meta":{"footnotes":""},"class_list":["post-20","page","type-page","status-publish","hentry","entry"],"_links":{"self":[{"href":"https:\/\/curaswing.de\/en\/wp-json\/wp\/v2\/pages\/20","targetHints":{"allow":["GET"]}}],"collection":[{"href":"https:\/\/curaswing.de\/en\/wp-json\/wp\/v2\/pages"}],"about":[{"href":"https:\/\/curaswing.de\/en\/wp-json\/wp\/v2\/types\/page"}],"author":[{"embeddable":true,"href":"https:\/\/curaswing.de\/en\/wp-json\/wp\/v2\/users\/1"}],"replies":[{"embeddable":true,"href":"https:\/\/curaswing.de\/en\/wp-json\/wp\/v2\/comments?post=20"}],"version-history":[{"count":0,"href":"https:\/\/curaswing.de\/en\/wp-json\/wp\/v2\/pages\/20\/revisions"}],"wp:attachment":[{"href":"https:\/\/curaswing.de\/en\/wp-json\/wp\/v2\/media?parent=20"}],"curies":[{"name":"wp","href":"https:\/\/api.w.org\/{rel}","templated":true}]}}