{"id":5,"date":"2019-04-10T10:43:39","date_gmt":"2019-04-10T10:43:39","guid":{"rendered":"http:\/\/curaswing.de\/willkommen-auf-http-curaswing-de-2"},"modified":"2025-04-29T08:51:12","modified_gmt":"2025-04-29T08:51:12","slug":"willkommen-auf-http-curaswing-de-2","status":"publish","type":"page","link":"https:\/\/curaswing.de\/en\/","title":{"rendered":"CuraSwing"},"content":{"rendered":"<h3 class=\"wp-block-heading\">App-supported movement feedback as music<\/h3>\n\n\n\n<p>CuraSwing brings new swing to walking!<\/p>\n\n\n\n<p>CuraSwing translates the swinging of the arms while walking into music and thus stimulates the entire movement sequence. At first, only a soft chord sequence is heard. The rhythmic stimulation starts as the arms begin to swing while walking. It is only as the arm swing increases that stimulating music gradually unfolds. More and more instruments, rhythmic elements and finally a melody are added.<\/p>\n\n\n\n<p>Larger and faster movements automatically increase the musical intensity in real time. The intuitive musical feedback in combination with rhythmic-auditory stimulation encourages a lively rhythmic gait pattern.<\/p>\n\n\n\n<p>CuraSwing was developed with the support of leading neurological and music therapy experts at the Parkinson's Center Beelitz-Heilst\u00e4tten \/ Germany. The app is specially tailored to the needs of people with limited mobility and lack of movement (e.g. with Parkinson's or orthopaedic complaints). This innovative form of musical biofeedback is based on neuroscientific research.<\/p>\n\n\n\n<figure class=\"wp-block-image size-large\"><a href=\"https:\/\/play.google.com\/store\/apps\/details?id=com.curaswing.android\" target=\"_blank\" rel=\"noreferrer noopener\"><img loading=\"lazy\" decoding=\"async\" width=\"200\" height=\"77\" src=\"https:\/\/curaswing.de\/wp-content\/uploads\/2024\/04\/Store_Google.png\" alt=\"\" class=\"wp-image-266\" srcset=\"https:\/\/curaswing.de\/wp-content\/uploads\/2024\/04\/Store_Google.png 200w, https:\/\/curaswing.de\/wp-content\/uploads\/2024\/04\/Store_Google-18x7.png 18w\" sizes=\"auto, (max-width: 200px) 100vw, 200px\" \/><\/a><\/figure>\n\n\n\n<figure class=\"wp-block-image size-large\"><a href=\"https:\/\/apps.apple.com\/de\/app\/curaswing\/id1350473198\" target=\"_blank\" rel=\"noreferrer noopener\"><img loading=\"lazy\" decoding=\"async\" width=\"200\" height=\"77\" src=\"https:\/\/curaswing.de\/wp-content\/uploads\/2024\/04\/Store_Apple.png\" alt=\"\" class=\"wp-image-264\" srcset=\"https:\/\/curaswing.de\/wp-content\/uploads\/2024\/04\/Store_Apple.png 200w, https:\/\/curaswing.de\/wp-content\/uploads\/2024\/04\/Store_Apple-18x7.png 18w\" sizes=\"auto, (max-width: 200px) 100vw, 200px\" \/><\/a><\/figure>\n\n\n\n<p>If you already use CuraSwing, you can activate automatic updates for your device so that you don't miss any new features. Under our questions section <a href=\"https:\/\/curaswing.de\/en\/faq\/\" data-type=\"page\" data-id=\"180\">FAQ<\/a> we explain how this works. If you would also like to receive information from us about our progress, please register for our <a href=\"https:\/\/curaswing.de\/en\/kontakt\/\" data-type=\"page\" data-id=\"195\">newsletter<\/a> .<\/p>\n\n\n\n<h3 class=\"wp-block-heading\">The new CuraSwing is out!<\/h3>\n\n\n<div class=\"wp-block-image\">\n<figure class=\"alignleft size-large is-resized\"><img loading=\"lazy\" decoding=\"async\" width=\"459\" height=\"1024\" src=\"https:\/\/curaswing.de\/wp-content\/uploads\/2025\/04\/Screenshot_20250405_112443_CuraSwing-459x1024.jpg\" alt=\"\" class=\"wp-image-327\" style=\"width:131px;height:auto\" srcset=\"https:\/\/curaswing.de\/wp-content\/uploads\/2025\/04\/Screenshot_20250405_112443_CuraSwing-459x1024.jpg 459w, https:\/\/curaswing.de\/wp-content\/uploads\/2025\/04\/Screenshot_20250405_112443_CuraSwing-135x300.jpg 135w, https:\/\/curaswing.de\/wp-content\/uploads\/2025\/04\/Screenshot_20250405_112443_CuraSwing-768x1712.jpg 768w, https:\/\/curaswing.de\/wp-content\/uploads\/2025\/04\/Screenshot_20250405_112443_CuraSwing-689x1536.jpg 689w, https:\/\/curaswing.de\/wp-content\/uploads\/2025\/04\/Screenshot_20250405_112443_CuraSwing-919x2048.jpg 919w, https:\/\/curaswing.de\/wp-content\/uploads\/2025\/04\/Screenshot_20250405_112443_CuraSwing-5x12.jpg 5w, https:\/\/curaswing.de\/wp-content\/uploads\/2025\/04\/Screenshot_20250405_112443_CuraSwing.jpg 1080w\" sizes=\"auto, (max-width: 459px) 100vw, 459px\" \/><figcaption class=\"wp-element-caption\">The new CuraSwing 3.0 for Android<\/figcaption><\/figure><\/div>\n\n\n<p>2025-04-05. Our app version 3 is finally ready. An improved music sequencer now provides more varied music. The additional training tempo of 100 bpm and a completely new training mode expand the application options. The sensor-based feedback can now be switched off so that the music for gait training is evenly stimulating.<\/p>\n\n\n<div class=\"wp-block-image wp-duotone-unset-1\">\n<figure class=\"alignright size-large is-resized\"><img loading=\"lazy\" decoding=\"async\" width=\"473\" height=\"1024\" src=\"https:\/\/curaswing.de\/wp-content\/uploads\/2025\/04\/Screen1-473x1024.png\" alt=\"\" class=\"wp-image-325\" style=\"width:127px;height:auto\" srcset=\"https:\/\/curaswing.de\/wp-content\/uploads\/2025\/04\/Screen1-473x1024.png 473w, https:\/\/curaswing.de\/wp-content\/uploads\/2025\/04\/Screen1-139x300.png 139w, https:\/\/curaswing.de\/wp-content\/uploads\/2025\/04\/Screen1-768x1663.png 768w, https:\/\/curaswing.de\/wp-content\/uploads\/2025\/04\/Screen1-709x1536.png 709w, https:\/\/curaswing.de\/wp-content\/uploads\/2025\/04\/Screen1-946x2048.png 946w, https:\/\/curaswing.de\/wp-content\/uploads\/2025\/04\/Screen1-6x12.png 6w, https:\/\/curaswing.de\/wp-content\/uploads\/2025\/04\/Screen1.png 1125w\" sizes=\"auto, (max-width: 473px) 100vw, 473px\" \/><figcaption class=\"wp-element-caption\">That's how CuraSwing 3.0 looks on the iPhone<\/figcaption><\/figure><\/div>\n\n\n<p>Further functions such as an additional music set, a training evaluation and motivational messages are included in a paid extension (Pro version). <\/p>\n\n\n\n<p>We hope you enjoy trying out our new CuraSwing!<\/p>\n\n\n\n<p><\/p>","protected":false},"excerpt":{"rendered":"<p>App-unterst\u00fctztes Bewegungsfeedback als Musik CuraSwing bringt neuen Schwung beim Gehen! CuraSwing \u00fcbersetzt das Mitschwingen der Arme beim Gehen in Musik und stimuliert damit den gesamten Bewegungsablauf. Zun\u00e4chst erklingt nur eine leise Akkordfolge. Mit einsetzendem Armschwung w\u00e4hrend des Gehens startet die rhythmische Stimulation. Erst mit zunehmendem Armschwung entfaltet sich nach und nach eine anregende Musik. Es &hellip; <\/p>\n<p class=\"link-more\"><a href=\"https:\/\/curaswing.de\/en\/\" class=\"more-link\">Continue reading<span class=\"screen-reader-text\"> &#8222;CuraSwing&#8220;<\/span><\/a><\/p>","protected":false},"author":1,"featured_media":0,"parent":0,"menu_order":0,"comment_status":"closed","ping_status":"open","template":"","meta":{"footnotes":""},"class_list":["post-5","page","type-page","status-publish","hentry","entry"],"_links":{"self":[{"href":"https:\/\/curaswing.de\/en\/wp-json\/wp\/v2\/pages\/5","targetHints":{"allow":["GET"]}}],"collection":[{"href":"https:\/\/curaswing.de\/en\/wp-json\/wp\/v2\/pages"}],"about":[{"href":"https:\/\/curaswing.de\/en\/wp-json\/wp\/v2\/types\/page"}],"author":[{"embeddable":true,"href":"https:\/\/curaswing.de\/en\/wp-json\/wp\/v2\/users\/1"}],"replies":[{"embeddable":true,"href":"https:\/\/curaswing.de\/en\/wp-json\/wp\/v2\/comments?post=5"}],"version-history":[{"count":0,"href":"https:\/\/curaswing.de\/en\/wp-json\/wp\/v2\/pages\/5\/revisions"}],"wp:attachment":[{"href":"https:\/\/curaswing.de\/en\/wp-json\/wp\/v2\/media?parent=5"}],"curies":[{"name":"wp","href":"https:\/\/api.w.org\/{rel}","templated":true}]}}